{"id":150,"date":"2026-04-09T10:23:51","date_gmt":"2026-04-09T10:23:51","guid":{"rendered":"https:\/\/fufusofa.pokazowawitryna.pl\/strona-glowna-en\/"},"modified":"2026-04-14T11:56:09","modified_gmt":"2026-04-14T11:56:09","slug":"strona-glowna-en","status":"publish","type":"page","link":"https:\/\/fufusofa.pokazowawitryna.pl\/en\/","title":{"rendered":"Strona g\u0142\u00f3wna EN"},"content":{"rendered":"\n<p>Witamy na stronie! EN To jest strona g\u0142\u00f3wna, kt\u00f3r\u0105 zobaczy wi\u0119kszo\u015b\u0107 odwiedzaj\u0105cych, kiedy b\u0119dzie odwiedza\u0107 twoj\u0105 witryn\u0119 po raz pierwszy. EN<\/p>\n","protected":false},"excerpt":{"rendered":"<p>Witamy na stronie! EN To jest strona g\u0142\u00f3wna, kt\u00f3r\u0105 zobaczy wi\u0119kszo\u015b\u0107 odwiedzaj\u0105cych, kiedy b\u0119dzie odwiedza\u0107 twoj\u0105 witryn\u0119 po raz pierwszy. EN<\/p>\n","protected":false},"author":1,"featured_media":0,"parent":0,"menu_order":15,"comment_status":"closed","ping_status":"closed","template":"template-fullwidth.php","meta":{"_acf_changed":false,"inline_featured_image":false,"footnotes":""},"class_list":["post-150","page","type-page","status-publish","hentry"],"acf":[],"_links":{"self":[{"href":"https:\/\/fufusofa.pokazowawitryna.pl\/en\/wp-json\/wp\/v2\/pages\/150","targetHints":{"allow":["GET"]}}],"collection":[{"href":"https:\/\/fufusofa.pokazowawitryna.pl\/en\/wp-json\/wp\/v2\/pages"}],"about":[{"href":"https:\/\/fufusofa.pokazowawitryna.pl\/en\/wp-json\/wp\/v2\/types\/page"}],"author":[{"embeddable":true,"href":"https:\/\/fufusofa.pokazowawitryna.pl\/en\/wp-json\/wp\/v2\/users\/1"}],"replies":[{"embeddable":true,"href":"https:\/\/fufusofa.pokazowawitryna.pl\/en\/wp-json\/wp\/v2\/comments?post=150"}],"version-history":[{"count":1,"href":"https:\/\/fufusofa.pokazowawitryna.pl\/en\/wp-json\/wp\/v2\/pages\/150\/revisions"}],"predecessor-version":[{"id":151,"href":"https:\/\/fufusofa.pokazowawitryna.pl\/en\/wp-json\/wp\/v2\/pages\/150\/revisions\/151"}],"wp:attachment":[{"href":"https:\/\/fufusofa.pokazowawitryna.pl\/en\/wp-json\/wp\/v2\/media?parent=150"}],"curies":[{"name":"wp","href":"https:\/\/api.w.org\/{rel}","templated":true}]}}